{"id":5327,"date":"2020-04-09T16:24:59","date_gmt":"2020-04-09T16:24:59","guid":{"rendered":"http:\/\/revistaciudad.com.ar\/web\/?post_type=product&#038;p=5327"},"modified":"2020-04-09T16:25:00","modified_gmt":"2020-04-09T16:25:00","slug":"zoo-mascotas-clinica-veterinaria","status":"publish","type":"product","link":"http:\/\/revistaciudad.com.ar\/web\/producto\/zoo-mascotas-clinica-veterinaria\/","title":{"rendered":"Zoo Mascotas Cl\u00ednica Veterinaria"},"content":{"rendered":"<div>Somos una\u00a0<a href=\"https:\/\/www.veterinariazoomascotas.com\/que-hacemos\" data-cke-saved-href=\"\/que-hacemos\"><strong>cl\u00ednica veterinaria<\/strong><\/a>\u00a0que cuenta con una amplia e impecable trayectoria de 20 a\u00f1os en el rubro.<\/div>\n<div><\/div>\n<div>Nos dedicamos con total amor, pasi\u00f3n y entrega al servicio que ofrecemos, adem\u00e1s, la atenci\u00f3n que brindamos est\u00e1 cimentada en los m\u00e1s estrictos principios \u00e9ticos.<\/div>\n","protected":false},"excerpt":{"rendered":"<p><img fetchpriority=\"high\" decoding=\"async\" class=\"alignnone size-medium wp-image-5328\" src=\"http:\/\/revistaciudad.com.ar\/web\/wp-content\/uploads\/2020\/04\/30603519_158836668124061_5954246624258555904_n-300x300.jpg\" alt=\"\" width=\"300\" height=\"300\" srcset=\"http:\/\/revistaciudad.com.ar\/web\/wp-content\/uploads\/2020\/04\/30603519_158836668124061_5954246624258555904_n-300x300.jpg 300w, http:\/\/revistaciudad.com.ar\/web\/wp-content\/uploads\/2020\/04\/30603519_158836668124061_5954246624258555904_n-150x150.jpg 150w, http:\/\/revistaciudad.com.ar\/web\/wp-content\/uploads\/2020\/04\/30603519_158836668124061_5954246624258555904_n-100x100.jpg 100w, http:\/\/revistaciudad.com.ar\/web\/wp-content\/uploads\/2020\/04\/30603519_158836668124061_5954246624258555904_n.jpg 320w\" sizes=\"(max-width: 300px) 100vw, 300px\" \/><\/p>\n<p><a href=\"https:\/\/www.veterinariazoomascotas.com\/\">https:\/\/www.veterinariazoomascotas.com\/<\/a><\/p>\n<ul>\n<li><strong>Cirug\u00eda y farmacia.<\/strong><\/li>\n<li><strong>Peluquer\u00eda.<\/strong><\/li>\n<li><strong>Guarder\u00eda.<\/strong><\/li>\n<li><strong>Pet shop.<\/strong><\/li>\n<li><strong>Expertos en HOMEOPAT\u00cdA VETERINARIA\u200b en Godoy Cruz<\/strong><\/li>\n<\/ul>\n<p>Direcci\u00f3n<\/p>\n<h3><strong>San Mart\u00edn 505 Godoy Cruz<\/strong><\/h3>\n<h3><strong>Tel\u00e9fono 424 3177 Urgencias 152 071 924<\/strong><\/h3>\n","protected":false},"featured_media":5329,"comment_status":"open","ping_status":"closed","template":"","meta":{"_monsterinsights_skip_tracking":false,"_monsterinsights_sitenote_active":false,"_monsterinsights_sitenote_note":"","_monsterinsights_sitenote_category":0},"product_brand":[],"product_cat":[51],"product_tag":[],"class_list":{"0":"post-5327","1":"product","2":"type-product","3":"status-publish","4":"has-post-thumbnail","6":"product_cat-veterinaria","7":"align-left","8":"box-shadow-0","9":"box-shadow-0-hover","10":"ast-product-gallery-layout-horizontal","11":"ast-product-tabs-layout-horizontal","13":"first","14":"instock","15":"shipping-taxable","16":"product-type-simple"},"_links":{"self":[{"href":"http:\/\/revistaciudad.com.ar\/web\/wp-json\/wp\/v2\/product\/5327","targetHints":{"allow":["GET"]}}],"collection":[{"href":"http:\/\/revistaciudad.com.ar\/web\/wp-json\/wp\/v2\/product"}],"about":[{"href":"http:\/\/revistaciudad.com.ar\/web\/wp-json\/wp\/v2\/types\/product"}],"replies":[{"embeddable":true,"href":"http:\/\/revistaciudad.com.ar\/web\/wp-json\/wp\/v2\/comments?post=5327"}],"wp:featuredmedia":[{"embeddable":true,"href":"http:\/\/revistaciudad.com.ar\/web\/wp-json\/wp\/v2\/media\/5329"}],"wp:attachment":[{"href":"http:\/\/revistaciudad.com.ar\/web\/wp-json\/wp\/v2\/media?parent=5327"}],"wp:term":[{"taxonomy":"product_brand","embeddable":true,"href":"http:\/\/revistaciudad.com.ar\/web\/wp-json\/wp\/v2\/product_brand?post=5327"},{"taxonomy":"product_cat","embeddable":true,"href":"http:\/\/revistaciudad.com.ar\/web\/wp-json\/wp\/v2\/product_cat?post=5327"},{"taxonomy":"product_tag","embeddable":true,"href":"http:\/\/revistaciudad.com.ar\/web\/wp-json\/wp\/v2\/product_tag?post=5327"}],"curies":[{"name":"wp","href":"https:\/\/api.w.org\/{rel}","templated":true}]}}